{"id":12419,"date":"2025-07-03T20:25:54","date_gmt":"2025-07-03T18:25:54","guid":{"rendered":"https:\/\/www.tv-kirchzell.de\/?post_type=product&#038;p=12419"},"modified":"2025-10-18T18:08:44","modified_gmt":"2025-10-18T16:08:44","slug":"aktivenkarte-2025-2026","status":"publish","type":"product","link":"https:\/\/www.tv-kirchzell.de\/?product=aktivenkarte-2025-2026","title":{"rendered":"Aktivenkarte 2025 \/ 2026"},"content":{"rendered":"<p style=\"text-align: left;\">Digitale Aktivenkarte f\u00fcr den Zugang zu den Heimspielen der 1. Mannschaft in der Saison 2025 \/ 2026 des TV Kirchzell. Karte wird nach erfolgreicher Bezahlung via Email versendet.<\/p>\n<p>Diese Karte wird (ohne Einschr\u00e4nkung) nur an die aktiven Spieler der Erwachsenenmannschaft des TV B\u00fcrgstadt (1. und 2. Mannschaft) und an die Damen der FSG B\u00fcrgstadt \/ Kirchzell 1 &amp; 2 verkauft. Wir behalten uns vor die Karte bei unrechtm\u00e4\u00dfigen Erwerb zu sperren und keine R\u00fcckerstattung des Kaufpreises zu gew\u00e4hren.<\/p>\n<p>Eine Karte wird personalisiert verkauft. Das bedeutet das nur der rechtm\u00e4\u00dfige Besitzer (Identifikation \u00fcber Vor- &amp; Nachname) Eintritt zum Spiel erh\u00e4lt. Ein Missbrauch der Karte kann zur Sperrung der Karte f\u00fchren.<\/p>\n<p>Jede Karte kann pro Spiel nur einmal in Anspruch genommen werden. Die Karte ist f\u00fcr die komplette Saison 2025 \/ 2026 g\u00fcltig.<\/p>\n","protected":false},"excerpt":{"rendered":"<p>Aktivenkarte f\u00fcr unsere Erwachsenenmannschaften (Saison 2025 \/ 2026)<\/p>\n","protected":false},"featured_media":12631,"template":"","meta":[],"product_brand":[],"product_cat":[68,150],"product_tag":[],"class_list":{"0":"post-12419","1":"product","2":"type-product","3":"status-publish","4":"has-post-thumbnail","6":"product_cat-dauerkarten","7":"product_cat-saison-2025-2026-dauerkarten","9":"first","10":"instock","11":"virtual","12":"taxable","13":"purchasable","14":"product-type-simple"},"_links":{"self":[{"href":"https:\/\/www.tv-kirchzell.de\/index.php?rest_route=\/wp\/v2\/product\/12419","targetHints":{"allow":["GET"]}}],"collection":[{"href":"https:\/\/www.tv-kirchzell.de\/index.php?rest_route=\/wp\/v2\/product"}],"about":[{"href":"https:\/\/www.tv-kirchzell.de\/index.php?rest_route=\/wp\/v2\/types\/product"}],"wp:featuredmedia":[{"embeddable":true,"href":"https:\/\/www.tv-kirchzell.de\/index.php?rest_route=\/wp\/v2\/media\/12631"}],"wp:attachment":[{"href":"https:\/\/www.tv-kirchzell.de\/index.php?rest_route=%2Fwp%2Fv2%2Fmedia&parent=12419"}],"wp:term":[{"taxonomy":"product_brand","embeddable":true,"href":"https:\/\/www.tv-kirchzell.de\/index.php?rest_route=%2Fwp%2Fv2%2Fproduct_brand&post=12419"},{"taxonomy":"product_cat","embeddable":true,"href":"https:\/\/www.tv-kirchzell.de\/index.php?rest_route=%2Fwp%2Fv2%2Fproduct_cat&post=12419"},{"taxonomy":"product_tag","embeddable":true,"href":"https:\/\/www.tv-kirchzell.de\/index.php?rest_route=%2Fwp%2Fv2%2Fproduct_tag&post=12419"}],"curies":[{"name":"wp","href":"https:\/\/api.w.org\/{rel}","templated":true}]}}