{"id":3959,"date":"2019-11-20T21:46:06","date_gmt":"2019-11-20T20:46:06","guid":{"rendered":"https:\/\/tv-kirchzell.de\/?page_id=3959"},"modified":"2026-01-24T19:11:57","modified_gmt":"2026-01-24T18:11:57","slug":"mini-mini-anfaenger-teaminfo","status":"publish","type":"page","link":"https:\/\/www.tv-kirchzell.de\/?page_id=3959","title":{"rendered":"Mini Anf\u00e4nger &#8211; Teaminfo"},"content":{"rendered":"\n<figure class=\"wp-block-image size-full\"><img loading=\"lazy\" decoding=\"async\" width=\"1280\" height=\"601\" src=\"https:\/\/www.tv-kirchzell.de\/wp-content\/uploads\/2026\/01\/WhatsApp-Image-2025-12-23-at-08.18.54.jpeg\" alt=\"\" class=\"wp-image-13492\" srcset=\"https:\/\/www.tv-kirchzell.de\/wp-content\/uploads\/2026\/01\/WhatsApp-Image-2025-12-23-at-08.18.54.jpeg 1280w, https:\/\/www.tv-kirchzell.de\/wp-content\/uploads\/2026\/01\/WhatsApp-Image-2025-12-23-at-08.18.54-300x141.jpeg 300w, https:\/\/www.tv-kirchzell.de\/wp-content\/uploads\/2026\/01\/WhatsApp-Image-2025-12-23-at-08.18.54-768x361.jpeg 768w, https:\/\/www.tv-kirchzell.de\/wp-content\/uploads\/2026\/01\/WhatsApp-Image-2025-12-23-at-08.18.54-600x282.jpeg 600w\" sizes=\"auto, (max-width: 1280px) 100vw, 1280px\" \/><\/figure>\n\n\n\n<p><strong>H. v. l.:<\/strong> Karin Kunz, Josie Schmelzer, Ben Hessler, Lina Hettinger, Max Breunig, Elin Salomon, Thea Hausmann, Ellen Breunig, Lena Maria Herkert, Rosalie Breunig, Frida Lazarus, Jule Breunig, Ren\u00e9 Krug, Klara Breunig<strong><br>V. v. l.:<\/strong> Ben Weiser, Mehmet Ali Kaya, Emil Salomon, Elodie Haberstock, Ella Roth, Greta Leschinski, Lena Kotwica, Vladyslava Siedykh<\/p>\n\n\n\n<h3 class=\"wp-block-heading\">Trainerteam<\/h3>\n\n\n\n<blockquote class=\"wp-block-quote is-layout-flow wp-block-quote-is-layout-flow\">\n<p>Karin Kunz<br>Jule Breunig<br>Klara Breunig<br>Jacqueline Breunig<br>Ren\u00e9 Krug<br>Josie Schmelzer<br><a href=\"mailto:mini@tv-kirchzell.de?subject=Nachricht%20via%20Internetseite%20des%20TVK\">mini@tv-kirchzell.de<\/a><\/p>\n<\/blockquote>\n\n\n\n<h3 class=\"wp-block-heading\">Trainingszeiten<\/h3>\n\n\n\n<p>Dienstag 17:30 \u2013 18:45 Uhr in der Turnhalle Kirchzell<\/p>\n\n\n\n<h3 class=\"wp-block-heading\">Liga<\/h3>\n\n\n\n<p>Die Mini Anf\u00e4nger beteiligen sich noch nicht am aktiven Spielbetrieb. \u00dcber Turniere werden die Kinder ans Handballspielen herangef\u00fchrt.<\/p>\n","protected":false},"excerpt":{"rendered":"<p>H. v. l.: Karin Kunz, Josie Schmelzer, Ben Hessler, Lina Hettinger, Max Breunig, Elin Salomon, Thea Hausmann, Ellen Breunig, Lena Maria Herkert, Rosalie Breunig, Frida Lazarus, Jule Breunig, Ren\u00e9 Krug, Klara BreunigV. v. l.: Ben Weiser, Mehmet Ali Kaya, Emil Salomon, Elodie Haberstock, Ella Roth, Greta Leschinski, Lena Kotwica, Vladyslava<\/p>\n","protected":false},"author":1,"featured_media":0,"parent":120,"menu_order":1,"comment_status":"closed","ping_status":"closed","template":"","meta":{"footnotes":""},"class_list":["post-3959","page","type-page","status-publish","hentry"],"_links":{"self":[{"href":"https:\/\/www.tv-kirchzell.de\/index.php?rest_route=\/wp\/v2\/pages\/3959","targetHints":{"allow":["GET"]}}],"collection":[{"href":"https:\/\/www.tv-kirchzell.de\/index.php?rest_route=\/wp\/v2\/pages"}],"about":[{"href":"https:\/\/www.tv-kirchzell.de\/index.php?rest_route=\/wp\/v2\/types\/page"}],"author":[{"embeddable":true,"href":"https:\/\/www.tv-kirchzell.de\/index.php?rest_route=\/wp\/v2\/users\/1"}],"replies":[{"embeddable":true,"href":"https:\/\/www.tv-kirchzell.de\/index.php?rest_route=%2Fwp%2Fv2%2Fcomments&post=3959"}],"version-history":[{"count":6,"href":"https:\/\/www.tv-kirchzell.de\/index.php?rest_route=\/wp\/v2\/pages\/3959\/revisions"}],"predecessor-version":[{"id":13497,"href":"https:\/\/www.tv-kirchzell.de\/index.php?rest_route=\/wp\/v2\/pages\/3959\/revisions\/13497"}],"up":[{"embeddable":true,"href":"https:\/\/www.tv-kirchzell.de\/index.php?rest_route=\/wp\/v2\/pages\/120"}],"wp:attachment":[{"href":"https:\/\/www.tv-kirchzell.de\/index.php?rest_route=%2Fwp%2Fv2%2Fmedia&parent=3959"}],"curies":[{"name":"wp","href":"https:\/\/api.w.org\/{rel}","templated":true}]}}