{"id":2367,"date":"2018-03-28T21:31:30","date_gmt":"2018-03-28T19:31:30","guid":{"rendered":"http:\/\/www.tv-kirchzell.de\/?page_id=2367"},"modified":"2019-08-15T14:29:26","modified_gmt":"2019-08-15T12:29:26","slug":"verein-teilnahmebedingungen-facebook-gewinnspiel","status":"publish","type":"page","link":"https:\/\/www.tv-kirchzell.de\/?page_id=2367","title":{"rendered":"Teilnahmebedingungen Facebook-Gewinnspiel"},"content":{"rendered":"\n<h3 class=\"wp-block-heading\">Facebook-Gewinnspiel \u201cGewinnspiel zum Auftakt der 3.Liga Mitte\u201d vom TV Kirchzell<\/h3>\n\n\n\n<p>Das Gewinnspiel wird vom <a href=\"http:\/\/www.tv-kirchzell.de\">Turnverein Kirchzell 1908 e.V.<\/a> durchgef\u00fchrt.<\/p>\n\n\n\n<p>Teilnahmeberechtigt sind alle nat\u00fcrlichen Personen mit Wohnsitz in Deutschland, die mindestens 18 Jahre alt sind, die zwingend erforderlichen Daten richtig angegeben und diese Teilnahmebedingungen akzeptiert haben.<\/p>\n\n\n\n<p>Die Teilnahme am Gewinnspiel erfolgt \u00fcber die <a href=\"https:\/\/www.facebook.com\/tvkirchzell\/\">Turnverein Kirchzell 1908 e.V. Facebook-Seite<\/a> in der Zeit <strong>vom 18.08. 2019<\/strong> (Start des Gewinnspiels beginnt mit der Ver\u00f6ffentlichung des Posts) <strong>bis einschlie\u00dflich 23.08.2019<\/strong> (18:00 Uhr) und ist ausschlie\u00dflich online auf dem oben genannten Kanal m\u00f6glich. Der Aktionsbeginn wird in Form eines Facebook-Posts auf der&nbsp; <a href=\"https:\/\/www.facebook.com\/tvkirchzell\/\">Turnverein Kirchzell 1908 e.V. Facebook-Seite<\/a> ver\u00f6ffentlicht. Um teilnehmen zu k\u00f6nnen, muss der User folgende Schritte vollziehen:<\/p>\n\n\n\n<ul class=\"wp-block-list\"><li>Der User muss unter dem Gewinnspiel-Post einen Kommentar posten, in dem er einen Buchstaben oder den Namen der Person unverwechselbar angibt.<\/li><li>Der User muss Fan der <a href=\"https:\/\/www.facebook.com\/tvkirchzell\/\">Turnverein Kirchzell 1908 e.V. Facebook-Seite<\/a> werden.<\/li><\/ul>\n\n\n\n<p>G\u00fcltig sind solche Kommentare, in denen der User eine&nbsp;<strong>Buchstaben oder den Namen der Person unverwechselbar&nbsp;<\/strong>benennt. Wenn die Anzahl der g\u00fcltigen Kommentare gr\u00f6\u00dfer ist als die Anzahl des ausgeschriebenen Preises, entscheidet das Los. Um einen Kommentar hinterlassen zu k\u00f6nnen, muss der User \u00fcber einen Facebook-Account verf\u00fcgen und eingeloggt sein. Eine Mehrfachteilnahme, z.B. durch wiederholte Eingabe des Kommentars, erh\u00f6ht die Gewinnchance nicht. Bei mehreren Kommentaren des gleichen Teilnehmers wird jeweils der aktuellste Kommentar pro Post gewertet.<\/p>\n\n\n\n<h3 class=\"wp-block-heading\">Zu gewinnen gibt es 2&#215;1 Dauerkarte f\u00fcr die Saison 2019\/2020 in der 3. Liga. Die Dauerkarten werden an der Abendkasse hinterlegt und k\u00f6nnen bis 30 Min. vor Anpfiff des ersten Spiels gegen den Nordheimer HC gegen Vorlage des Personalausweises abgeholt werden.<\/h3>\n\n\n\n<p>Die Gewinner werden per Antwort auf ihren Kommentar unter dem Gewinnspiel-Posting benachrichtigt und aufgefordert, sich bis zum 24.08.2019 (12 Uhr) unter Angabe ihres Klarnamens per Direktnachricht an die <a href=\"https:\/\/www.facebook.com\/tvkirchzell\/\">Turnverein Kirchzell 1908 e.V. Facebook-Seite<\/a> zur\u00fcckzumelden. Der Turnverein Kirchzell 1908 e.V. beh\u00e4lt sich vor, einen Altersnachweis zu verlangen.<\/p>\n\n\n\n<p>Erfolgt keine R\u00fcckmeldung des Teilnehmers bis zum genannten Termin, verf\u00e4llt der Anspruch auf den Gewinn und ein neuer Gewinner wird ausgelost. Eine Barauszahlung des Gewinns ist ausgeschlossen.<\/p>\n\n\n\n<p>Die Teilnahme am Gewinnspiel ist kostenlos und auch nicht an sonstige Leistungen des Teilnehmers gebunden. Eine \u00dcbertragung, Umtausch und Auszahlung von Sachpreisen ist nicht m\u00f6glich. Der Rechtsweg ist ausgeschlos\u00adsen. Mit der Teilnahme am Gewinnspiel durch die Abgabe eines \u201e<span style=\"text-align: left; color: #303030; text-transform: none; text-indent: 0px; letter-spacing: normal; font-family: 'Gudea',Tahoma,Arial; font-size: 16.93px; font-style: normal; font-variant: normal; font-weight: 400; text-decoration: none; word-spacing: 0px; float: none; display: inline !important; white-space: normal; cursor: text; orphans: 2; background-color: transparent; -webkit-text-stroke-width: 0px;\">Kommentars<\/span>\u201c akzeptiert der Teilnehmer diese Teilnahmebedingungen. Die Hinweise zum Datenschutz sind Bestandteil dieser Teilnahmebedingungen und werden vom Teilnehmer ebenfalls anerkannt. Der&nbsp;<span style=\"text-align: left; color: #303030; text-transform: none; text-indent: 0px; letter-spacing: normal; font-family: 'Gudea',Tahoma,Arial; font-size: 16.93px; font-style: normal; font-variant: normal; font-weight: 400; text-decoration: none; word-spacing: 0px; float: none; display: inline !important; white-space: normal; cursor: text; orphans: 2; background-color: transparent; -webkit-text-stroke-width: 0px;\">Turnverein Kirchzell 1908 e.V.<\/span> beh\u00e4lt sich vor, diese Teilnahmebedin\u00adgungen ohne Vorank\u00fcndigung zu \u00e4ndern oder das Gewinnspiel ohne Angabe von Gr\u00fcnden abzubrechen, wenn aus technischen, rechtlichen oder sonstigen Gr\u00fcnden eine ordnungsgem\u00e4\u00dfe Durchf\u00fchrung des Gewinn\u00adspiels nicht mehr gew\u00e4hrleistet werden kann. Der <span style=\"text-align: left; color: #303030; text-transform: none; text-indent: 0px; letter-spacing: normal; font-family: 'Gudea',Tahoma,Arial; font-size: 16.93px; font-style: normal; font-variant: normal; font-weight: 400; text-decoration: none; word-spacing: 0px; float: none; display: inline !important; white-space: normal; cursor: text; orphans: 2; background-color: transparent; -webkit-text-stroke-width: 0px;\">Turnverein Kirchzell 1908 e.V.<\/span> ist berechtigt, Teilnehmer bei einem begr\u00fcn\u00addeten Verdacht eines Versto\u00dfes gegen die Teilnahmebedingungen auszuschlie\u00dfen. Ein Anspruch auf Teilnahme oder Durchf\u00fchrung des Gewinnspiels besteht nicht.<\/p>\n\n\n\n<h3 class=\"wp-block-heading\">Hinweise zum Datenschutz<\/h3>\n\n\n\n<p>Im Falle eines Gewinnes ist die Angabe des Klarnamens des Teilnehmers erforderlich. Diese \u00fcbermittelt der Teilnehmer per Direktnachricht auf Facebook. Die angegebenen Daten des Users (vollst\u00e4ndiger Name) werden nur zur Abwicklung des Gewinnspiels vom <span style=\"text-align: left; color: #303030; text-transform: none; text-indent: 0px; letter-spacing: normal; font-family: 'Gudea',Tahoma,Arial; font-size: 16.93px; font-style: normal; font-variant: normal; font-weight: 400; text-decoration: none; word-spacing: 0px; float: none; display: inline !important; white-space: normal; cursor: text; orphans: 2; background-color: transparent; -webkit-text-stroke-width: 0px;\">Turnverein Kirchzell 1908 e.V.<\/span> genutzt, gespeichert, verarbeitet und nur zu diesem Zweck an mit der Abwicklung des Gewinnspiels betraute Unternehmen weitergegeben. Hierzu erkl\u00e4rt der Teilnehmer seine Einwilligung.<\/p>\n\n\n\n<p>Der Teilnehmer hat zu jeder Zeit den Anspruch auf Auskunft oder Berichtigung seiner Daten nach den gesetzlichen Vorgaben und kann seine erteilte Einwilligung zur Verarbeitung der Daten jederzeit in Textform per E-Mail an <a href=\"mailto:info@tv-kirchzell.de\">info@tv-kirchzell.de<\/a> (Betreff: \u201eWiderruf\u201c) mit Wirkung f\u00fcr die Zukunft widerrufen. Mit Widerruf tritt der Teilnehmer auch automatisch von dem Gewinnspiel zur\u00fcck. Nach Be\u00adendigung und vollst\u00e4ndiger Abwicklung des Gewinnspiels werden alle gespeicherten Daten gel\u00f6scht, sofern Turnverein Kirchzell 1908 e.V. nicht gesetzlich verpflichtet ist, die Daten auch dar\u00fcber hinaus zu speichern.<\/p>\n\n\n\n<p>Dieses Gewinnspiel steht in keiner Verbindung zu Facebook und wird in keiner Weise von Facebook gesponsert, unterst\u00fctzt oder organisiert. Der Empf\u00e4nger der bereitgestellten Informationen ist nicht Facebook, sondern der Turnverein Kirchzell 1908 e.V.. Die bereitgestellten Informationen werden einzig f\u00fcr die Durchf\u00fchrung des Gewinnspiels verwendet. Facebook ist dabei in keiner Weise f\u00fcr das Gewinnspiel verantwortlich. Sofern seitens Facebook Daten erhoben werden, ist der Turnverein Kirchzell 1908 e.V. hierf\u00fcr nicht verantwortlich. Der Teilnehmer hat sich selbst \u00fcber die <a href=\"https:\/\/www.facebook.com\/policy.php\" target=\"_blank\" rel=\"noopener noreferrer\">Datenschutzbedingungen von Facebook<\/a> zu informieren. S\u00e4mtliche Fragen, Kommentare oder Beschwer\u00adden zum Gewinnspiel sind nicht an Facebook, sondern an <a href=\"mailto:info@tv-kirchzell.de\">info@tv-kirchzell.de<\/a>. zu richten.<\/p>\n","protected":false},"excerpt":{"rendered":"<p>Facebook-Gewinnspiel \u201cGewinnspiel zum Auftakt der 3.Liga Mitte\u201d vom TV Kirchzell Das Gewinnspiel wird vom Turnverein Kirchzell 1908 e.V. durchgef\u00fchrt. Teilnahmeberechtigt sind alle nat\u00fcrlichen Personen mit Wohnsitz in Deutschland, die mindestens 18 Jahre alt sind, die zwingend erforderlichen Daten richtig angegeben und diese Teilnahmebedingungen akzeptiert haben. Die Teilnahme am Gewinnspiel erfolgt<\/p>\n","protected":false},"author":2,"featured_media":0,"parent":117,"menu_order":9,"comment_status":"closed","ping_status":"closed","template":"","meta":{"footnotes":""},"class_list":["post-2367","page","type-page","status-publish","hentry"],"_links":{"self":[{"href":"https:\/\/www.tv-kirchzell.de\/index.php?rest_route=\/wp\/v2\/pages\/2367","targetHints":{"allow":["GET"]}}],"collection":[{"href":"https:\/\/www.tv-kirchzell.de\/index.php?rest_route=\/wp\/v2\/pages"}],"about":[{"href":"https:\/\/www.tv-kirchzell.de\/index.php?rest_route=\/wp\/v2\/types\/page"}],"author":[{"embeddable":true,"href":"https:\/\/www.tv-kirchzell.de\/index.php?rest_route=\/wp\/v2\/users\/2"}],"replies":[{"embeddable":true,"href":"https:\/\/www.tv-kirchzell.de\/index.php?rest_route=%2Fwp%2Fv2%2Fcomments&post=2367"}],"version-history":[{"count":0,"href":"https:\/\/www.tv-kirchzell.de\/index.php?rest_route=\/wp\/v2\/pages\/2367\/revisions"}],"up":[{"embeddable":true,"href":"https:\/\/www.tv-kirchzell.de\/index.php?rest_route=\/wp\/v2\/pages\/117"}],"wp:attachment":[{"href":"https:\/\/www.tv-kirchzell.de\/index.php?rest_route=%2Fwp%2Fv2%2Fmedia&parent=2367"}],"curies":[{"name":"wp","href":"https:\/\/api.w.org\/{rel}","templated":true}]}}