{"id":1707,"date":"2017-11-26T15:07:54","date_gmt":"2017-11-26T14:07:01","guid":{"rendered":"http:\/\/tv-kirchzell.com\/?page_id=1707"},"modified":"2026-01-24T11:21:39","modified_gmt":"2026-01-24T10:21:39","slug":"bambinos-teaminfo","status":"publish","type":"page","link":"https:\/\/www.tv-kirchzell.de\/?page_id=1707","title":{"rendered":"Bambinos &#8211; Teaminfo"},"content":{"rendered":"\n<figure class=\"wp-block-image\"><img loading=\"lazy\" decoding=\"async\" width=\"700\" height=\"350\" src=\"\/wp-content\/uploads\/2017\/11\/bambinos_2017-18_gr.jpg\" alt=\"\" class=\"wp-image-1469\" srcset=\"https:\/\/www.tv-kirchzell.de\/wp-content\/uploads\/2017\/11\/bambinos_2017-18_gr.jpg 700w, https:\/\/www.tv-kirchzell.de\/wp-content\/uploads\/2017\/11\/bambinos_2017-18_gr-600x300.jpg 600w, https:\/\/www.tv-kirchzell.de\/wp-content\/uploads\/2017\/11\/bambinos_2017-18_gr-300x150.jpg 300w\" sizes=\"auto, (max-width: 700px) 100vw, 700px\" \/><\/figure>\n\n\n\n<p><strong>Die Kleinen von heute sind die Helden von morgen!<\/strong><br>Kinder, die laufen k\u00f6nnen, sind herzlich willkommen (bis 3 Jahre).<br>Ausk\u00fcnfte bei Frauke V\u00f6lker.<\/p>\n\n\n\n<h3 class=\"wp-block-heading\">Trainerin<\/h3>\n\n\n\n<blockquote class=\"wp-block-quote is-layout-flow wp-block-quote-is-layout-flow\">\n<p>Frauke V\u00f6lker<br>Tel.: 09373\/3073035<br>Mobil: 0152\/34154364<br><a href=\"mailto:bambinos@tv-kirchzell.de?subject=Nachricht%20via%20Internetseite%20des%20TVK\">bambinos@tv-kirchzell.de<\/a><\/p>\n<\/blockquote>\n\n\n\n<h3 class=\"wp-block-heading\">Trainingszeiten<\/h3>\n\n\n\n<p>Montag, 16:00 bis 17:00 Uhr bis zu einem Alter von ca. 3 Jahre<\/p>\n","protected":false},"excerpt":{"rendered":"<p>Die Kleinen von heute sind die Helden von morgen!Kinder, die laufen k\u00f6nnen, sind herzlich willkommen (bis 3 Jahre).Ausk\u00fcnfte bei Frauke V\u00f6lker. Trainerin Frauke V\u00f6lkerTel.: 09373\/3073035Mobil: 0152\/34154364bambinos@tv-kirchzell.de Trainingszeiten Montag, 16:00 bis 17:00 Uhr bis zu einem Alter von ca. 3 Jahre<\/p>\n","protected":false},"author":1,"featured_media":0,"parent":120,"menu_order":2,"comment_status":"closed","ping_status":"closed","template":"","meta":{"footnotes":""},"class_list":["post-1707","page","type-page","status-publish","hentry"],"_links":{"self":[{"href":"https:\/\/www.tv-kirchzell.de\/index.php?rest_route=\/wp\/v2\/pages\/1707","targetHints":{"allow":["GET"]}}],"collection":[{"href":"https:\/\/www.tv-kirchzell.de\/index.php?rest_route=\/wp\/v2\/pages"}],"about":[{"href":"https:\/\/www.tv-kirchzell.de\/index.php?rest_route=\/wp\/v2\/types\/page"}],"author":[{"embeddable":true,"href":"https:\/\/www.tv-kirchzell.de\/index.php?rest_route=\/wp\/v2\/users\/1"}],"replies":[{"embeddable":true,"href":"https:\/\/www.tv-kirchzell.de\/index.php?rest_route=%2Fwp%2Fv2%2Fcomments&post=1707"}],"version-history":[{"count":2,"href":"https:\/\/www.tv-kirchzell.de\/index.php?rest_route=\/wp\/v2\/pages\/1707\/revisions"}],"predecessor-version":[{"id":13477,"href":"https:\/\/www.tv-kirchzell.de\/index.php?rest_route=\/wp\/v2\/pages\/1707\/revisions\/13477"}],"up":[{"embeddable":true,"href":"https:\/\/www.tv-kirchzell.de\/index.php?rest_route=\/wp\/v2\/pages\/120"}],"wp:attachment":[{"href":"https:\/\/www.tv-kirchzell.de\/index.php?rest_route=%2Fwp%2Fv2%2Fmedia&parent=1707"}],"curies":[{"name":"wp","href":"https:\/\/api.w.org\/{rel}","templated":true}]}}