{"id":1287,"date":"2017-11-05T13:41:50","date_gmt":"2017-11-05T12:41:50","guid":{"rendered":"http:\/\/tv-kirchzell.com\/?page_id=1287"},"modified":"2019-08-15T14:20:06","modified_gmt":"2019-08-15T12:20:06","slug":"beitrittserklaerung","status":"publish","type":"page","link":"https:\/\/www.tv-kirchzell.de\/?page_id=1287","title":{"rendered":"Verein &#8211; Beitrittserkl\u00e4rung"},"content":{"rendered":"\n<p>Sie m\u00f6chten Mitglied werden bei unserem TVK? \u00dcber das folgende Formular k\u00f6nnen Sie den Antrag zur Mitgliedschaft stellen.<br>\nWir freuen uns \u00fcber jede Verst\u00e4rkung und Unterst\u00fctzung.<\/p>\n\n\n\n<p>Geben Sie die Beitrittserkl\u00e4rung bei einem Trainer ab oder senden Sie es als PDF an <strong>info@tvkirchzell.de<\/strong><\/p>\n\n\n<div class='pdf_tvk_gallery_view'><div class='pdf_tvk_gallery_view_gallery'><a href='https:\/\/www.tv-kirchzell.de\/wp-content\/uploads\/pdf-tvk\/80\/Beitrittserkl\u00e4rung.pdf.pdf' target='_blank'><img width='180px' height='280px' src='https:\/\/www.tv-kirchzell.de\/wp-content\/uploads\/pdf-tvk\/80\/Beitrittserkl\u00e4rung.PNG' \/><span>Beitrittserkl\u00e4rung<br\/>2022-02-20<br\/><\/span><\/a><\/div><div class='pdf_tvk_gallery_view_gallery'><a href='https:\/\/www.tv-kirchzell.de\/wp-content\/uploads\/pdf-tvk\/83\/\u00c4nderung_der_Bankverbindung.pdf' target='_blank'><img width='180px' height='280px' src='https:\/\/www.tv-kirchzell.de\/wp-content\/uploads\/pdf-tvk\/83\/AenderungBankverbindung.PNG' \/><span>\u00c4nderung Bankverbindung<br\/>2022-02-19<br\/><\/span><\/a><\/div>\n","protected":false},"excerpt":{"rendered":"<p>Sie m\u00f6chten Mitglied werden bei unserem TVK? \u00dcber das folgende Formular k\u00f6nnen Sie den Antrag zur Mitgliedschaft stellen. Wir freuen uns \u00fcber jede Verst\u00e4rkung und Unterst\u00fctzung. Geben Sie die Beitrittserkl\u00e4rung bei einem Trainer ab oder senden Sie es als PDF an info@tvkirchzell.de<\/p>\n","protected":false},"author":1,"featured_media":0,"parent":117,"menu_order":13,"comment_status":"closed","ping_status":"closed","template":"","meta":{"footnotes":""},"class_list":["post-1287","page","type-page","status-publish","hentry"],"_links":{"self":[{"href":"https:\/\/www.tv-kirchzell.de\/index.php?rest_route=\/wp\/v2\/pages\/1287","targetHints":{"allow":["GET"]}}],"collection":[{"href":"https:\/\/www.tv-kirchzell.de\/index.php?rest_route=\/wp\/v2\/pages"}],"about":[{"href":"https:\/\/www.tv-kirchzell.de\/index.php?rest_route=\/wp\/v2\/types\/page"}],"author":[{"embeddable":true,"href":"https:\/\/www.tv-kirchzell.de\/index.php?rest_route=\/wp\/v2\/users\/1"}],"replies":[{"embeddable":true,"href":"https:\/\/www.tv-kirchzell.de\/index.php?rest_route=%2Fwp%2Fv2%2Fcomments&post=1287"}],"version-history":[{"count":0,"href":"https:\/\/www.tv-kirchzell.de\/index.php?rest_route=\/wp\/v2\/pages\/1287\/revisions"}],"up":[{"embeddable":true,"href":"https:\/\/www.tv-kirchzell.de\/index.php?rest_route=\/wp\/v2\/pages\/117"}],"wp:attachment":[{"href":"https:\/\/www.tv-kirchzell.de\/index.php?rest_route=%2Fwp%2Fv2%2Fmedia&parent=1287"}],"curies":[{"name":"wp","href":"https:\/\/api.w.org\/{rel}","templated":true}]}}